{"id":20846,"date":"2024-10-23T15:30:23","date_gmt":"2024-10-23T13:30:23","guid":{"rendered":"https:\/\/www.neusfranquesa.com\/politica-de-privacidad\/"},"modified":"2024-12-02T21:59:56","modified_gmt":"2024-12-02T20:59:56","slug":"politica-de-privacitat","status":"publish","type":"page","link":"https:\/\/www.neusfranquesa.com\/ca\/politica-de-privacitat\/","title":{"rendered":"Pol\u00edtica de privacitat"},"content":{"rendered":"<div class=\"fusion-fullwidth fullwidth-box fusion-builder-row-1 fusion-flex-container nonhundred-percent-fullwidth non-hundred-percent-height-scrolling\" style=\"--awb-border-radius-top-left:0px;--awb-border-radius-top-right:0px;--awb-border-radius-bottom-right:0px;--awb-border-radius-bottom-left:0px;--awb-flex-wrap:wrap;\" ><div class=\"fusion-builder-row fusion-row fusion-flex-align-items-flex-start fusion-flex-content-wrap\" style=\"max-width:1248px;margin-left: calc(-4% \/ 2 );margin-right: calc(-4% \/ 2 );\"><div class=\"fusion-layout-column fusion_builder_column fusion-builder-column-0 fusion_builder_column_1_1 1_1 fusion-flex-column\" style=\"--awb-bg-blend:overlay;--awb-bg-size:cover;--awb-width-large:100%;--awb-margin-top-large:0px;--awb-spacing-right-large:1.92%;--awb-margin-bottom-large:0px;--awb-spacing-left-large:1.92%;--awb-width-medium:100%;--awb-spacing-right-medium:1.92%;--awb-spacing-left-medium:1.92%;--awb-width-small:100%;--awb-spacing-right-small:1.92%;--awb-spacing-left-small:1.92%;\"><div class=\"fusion-column-wrapper fusion-flex-justify-content-flex-start fusion-content-layout-column\"><div class=\"fusion-text fusion-text-1\"><h2>Pol\u00edtica de privacitat<\/h2>\n<h4>Garantia de seguretat<\/h4>\n<p>Ens preocupem especialment per la seguretat i per garantir la confidencialitat de les dades aportades pels nostres clients.<\/p>\n<p>Quan un client es registra al nostre servidor segur o realitza una reserva, les seves dades personals, domicili\u00e0ries i relatives a la seva forma de pagament s\u2019incorporen a la nostra base de dades. Aquestes dades s\u2019utilitzen exclusivament per gestionar la reserva i per enviar informaci\u00f3 sobre ofertes i serveis que puguin ser del seu inter\u00e8s.<\/p>\n<p>En aquesta web es garanteix la confidencialitat de les dades aportades pels nostres clients, assegurant que en cap cas seran cedides a empreses externes.<\/p>\n<h4>Llei de Protecci\u00f3 de Dades: LOPD<\/h4>\n<p>En compliment del que disposa la Llei Org\u00e0nica 15\/1999, de 13 de desembre, de Protecci\u00f3 de Dades de Car\u00e0cter Personal, el client de Neus Franquesa podr\u00e0, en qualsevol moment, exercir els drets d\u2019acc\u00e9s, rectificaci\u00f3, cancel\u00b7laci\u00f3 i oposici\u00f3. Per a aix\u00f2, haur\u00e0 de comunicar-ho per escrit a <strong>Neus Franquesa<\/strong>, al correu electr\u00f2nic <strong><a rel=\"noopener\">neusfranquesao@gmail.com<\/a><\/strong>.<\/p>\n<h4>Informaci\u00f3 addicional sobre sistemes de seguretat i garantia de protecci\u00f3 de dades personals<\/h4>\n<p>Internet \u00e9s un mitj\u00e0 de comunicaci\u00f3 i una eina que permet realitzar transaccions comercials a trav\u00e9s de la xarxa. Per aix\u00f2, una de les principals preocupacions dels usuaris \u00e9s la seguretat de les dades.<\/p>\n<p>Es considera transacci\u00f3 de Comer\u00e7 Electr\u00f2nic qualsevol proc\u00e9s que impliqui la realitzaci\u00f3 d\u2019un acord comercial, incloent-hi el contacte entre ambdues parts: pacient i terapeuta. Aquestes transaccions han de complir els seg\u00fcents requisits:<\/p>\n<ul>\n<li><strong>Autenticaci\u00f3:<\/strong> Garantir la identitat jur\u00eddica o f\u00edsica amb qui ens comuniquem.<\/li>\n<li><strong>Integritat:<\/strong> Assegurar que el contingut de la comunicaci\u00f3 no pugui ser modificat.<\/li>\n<li><strong>Confidencialitat:<\/strong> Garantir que ning\u00fa no autoritzat pugui accedir al contingut de la comunicaci\u00f3.<\/li>\n<\/ul>\n<hr \/>\n<h4>Proc\u00e9s de reserva a la web de Neus Franquesa<\/h4>\n<p>A continuaci\u00f3 es descriuen els processos implicats en la reserva a trav\u00e9s del servidor:<\/p>\n<ol>\n<li><strong>Registre de clients<\/strong><br \/>\nL&#8217;usuari es registra omplint un formulari amb les seves dades personals i de pagament, donant-se d\u2019alta al sistema. Aquest proc\u00e9s implica l\u2019enviament de dades, que es realitza de forma segura mitjan\u00e7ant un sistema avan\u00e7at de seguretat <strong>SSL (Secure Socket Layers)<\/strong>. La majoria de navegadors actuals accepten el SSL, per\u00f2, en cas de dubte, pot consultar-ho amb el seu prove\u00efdor d\u2019acc\u00e9s a internet.<\/li>\n<\/ol>\n<p>Quan es realitza una transacci\u00f3 que implica l\u2019intercanvi d\u2019informaci\u00f3 confidencial, s\u2019accedeix autom\u00e0ticament a la zona segura del servidor, fet que el navegador indica mostrant una URL del tipus <code>https:\/\/<\/code> i un icona en forma de candau tancat.<\/p>\n<p>Des d\u2019aquest moment, qualsevol enviament de dades es realitza de forma totalment segura.<\/p>\n<ol start=\"2\">\n<li><strong>Cistella de la compra<\/strong><br \/>\nL\u2019usuari navega pel lloc web introduint les seves dades personals i la data de la reserva que desitja realitzar.<\/li>\n<\/ol>\n<p>Les cookies s\u00f3n petites peces d\u2019informaci\u00f3 que la web necessita per con\u00e8ixer els interessos dels usuaris. No contenen cap mena d\u2019informaci\u00f3 personal. La majoria de navegadors accepten cookies autom\u00e0ticament, per\u00f2 \u00e9s possible configurar-los per evitar-ho. En aquest cas, l\u2019usuari podr\u00e0 navegar, per\u00f2 potser no tindr\u00e0 acc\u00e9s a algunes funcions de les nostres opcions de reserva.<\/p>\n<ol start=\"3\">\n<li><strong>Tramitaci\u00f3 de la reserva<\/strong><br \/>\nUn cop finalitzat el proc\u00e9s, es passa a l\u2019apartat de confirmaci\u00f3 de la reserva. En aquest moment, es demana a l\u2019usuari que s\u2019identifiqui si ja s\u2019ha registrat pr\u00e8viament o, si no \u00e9s el cas, que realitzi el registre.<\/li>\n<\/ol>\n<p>Si el client ja est\u00e0 registrat, les seves dades personals es troben al nostre servidor segur i no es transmeten per la xarxa.<\/p>\n<p>Aquesta fase es realitza de forma totalment segura, ja que est\u00e0 integrada dins del nostre servidor segur.<\/p>\n<hr \/>\n<h4>Recomanacions i precaucions<\/h4>\n<p>A continuaci\u00f3 es detallen algunes precaucions que recomanem als usuaris:<\/p>\n<ul>\n<li>No compartir amb ning\u00fa l\u2019usuari ni la contrasenya.<\/li>\n<li>No apuntar la contrasenya en llocs f\u00e0cilment accessibles com ordinadors o agendes.<\/li>\n<li>Utilitzar sempre el nostre sistema de seguretat SSL.<\/li>\n<li>Desconnectar la sessi\u00f3 del navegador despr\u00e9s d\u2019haver accedit a una zona de seguretat o introdu\u00eft l\u2019usuari i contrasenya.<\/li>\n<\/ul>\n<\/div><\/div><\/div><\/div><\/div>\n","protected":false},"excerpt":{"rendered":"","protected":false},"author":7,"featured_media":0,"parent":0,"menu_order":0,"comment_status":"closed","ping_status":"closed","template":"100-width.php","meta":{"_joinchat":[],"footnotes":""},"class_list":["post-20846","page","type-page","status-publish","hentry"],"yoast_head":"<!-- This site is optimized with the Yoast SEO plugin v26.4 - https:\/\/yoast.com\/wordpress\/plugins\/seo\/ -->\n<title>Pol\u00edtica de privacitat - Neus Franquesa<\/title>\n<meta name=\"robots\" content=\"noindex, follow\" \/>\n<meta property=\"og:locale\" content=\"ca_ES\" \/>\n<meta property=\"og:type\" content=\"article\" \/>\n<meta property=\"og:title\" content=\"Pol\u00edtica de privacitat - Neus Franquesa\" \/>\n<meta property=\"og:url\" content=\"https:\/\/www.neusfranquesa.com\/ca\/politica-de-privacitat\/\" \/>\n<meta property=\"og:site_name\" content=\"Neus Franquesa\" \/>\n<meta property=\"article:modified_time\" content=\"2024-12-02T20:59:56+00:00\" \/>\n<meta name=\"twitter:card\" content=\"summary_large_image\" \/>\n<meta name=\"twitter:label1\" content=\"Temps estimat de lectura\" \/>\n\t<meta name=\"twitter:data1\" content=\"4 minuts\" \/>\n<script type=\"application\/ld+json\" class=\"yoast-schema-graph\">{\"@context\":\"https:\/\/schema.org\",\"@graph\":[{\"@type\":\"WebPage\",\"@id\":\"https:\/\/www.neusfranquesa.com\/ca\/politica-de-privacitat\/\",\"url\":\"https:\/\/www.neusfranquesa.com\/ca\/politica-de-privacitat\/\",\"name\":\"Pol\u00edtica de privacitat - Neus Franquesa\",\"isPartOf\":{\"@id\":\"https:\/\/www.neusfranquesa.com\/#website\"},\"datePublished\":\"2024-10-23T13:30:23+00:00\",\"dateModified\":\"2024-12-02T20:59:56+00:00\",\"breadcrumb\":{\"@id\":\"https:\/\/www.neusfranquesa.com\/ca\/politica-de-privacitat\/#breadcrumb\"},\"inLanguage\":\"ca\",\"potentialAction\":[{\"@type\":\"ReadAction\",\"target\":[\"https:\/\/www.neusfranquesa.com\/ca\/politica-de-privacitat\/\"]}]},{\"@type\":\"BreadcrumbList\",\"@id\":\"https:\/\/www.neusfranquesa.com\/ca\/politica-de-privacitat\/#breadcrumb\",\"itemListElement\":[{\"@type\":\"ListItem\",\"position\":1,\"name\":\"Portada\",\"item\":\"https:\/\/www.neusfranquesa.com\/ca\/\"},{\"@type\":\"ListItem\",\"position\":2,\"name\":\"Pol\u00edtica de privacitat\"}]},{\"@type\":\"WebSite\",\"@id\":\"https:\/\/www.neusfranquesa.com\/#website\",\"url\":\"https:\/\/www.neusfranquesa.com\/\",\"name\":\"Neus Franquesa\",\"description\":\"Psic\u00f3loga - Sex\u00f3loga\",\"publisher\":{\"@id\":\"https:\/\/www.neusfranquesa.com\/#organization\"},\"potentialAction\":[{\"@type\":\"SearchAction\",\"target\":{\"@type\":\"EntryPoint\",\"urlTemplate\":\"https:\/\/www.neusfranquesa.com\/?s={search_term_string}\"},\"query-input\":{\"@type\":\"PropertyValueSpecification\",\"valueRequired\":true,\"valueName\":\"search_term_string\"}}],\"inLanguage\":\"ca\"},{\"@type\":\"Organization\",\"@id\":\"https:\/\/www.neusfranquesa.com\/#organization\",\"name\":\"Neus Franquesa\",\"url\":\"https:\/\/www.neusfranquesa.com\/\",\"logo\":{\"@type\":\"ImageObject\",\"inLanguage\":\"ca\",\"@id\":\"https:\/\/www.neusfranquesa.com\/#\/schema\/logo\/image\/\",\"url\":\"https:\/\/www.neusfranquesa.com\/wp-content\/uploads\/2024\/10\/neus-franquesa-scaled.jpg\",\"contentUrl\":\"https:\/\/www.neusfranquesa.com\/wp-content\/uploads\/2024\/10\/neus-franquesa-scaled.jpg\",\"width\":2560,\"height\":1920,\"caption\":\"Neus Franquesa\"},\"image\":{\"@id\":\"https:\/\/www.neusfranquesa.com\/#\/schema\/logo\/image\/\"}}]}<\/script>\n<!-- \/ Yoast SEO plugin. -->","yoast_head_json":{"title":"Pol\u00edtica de privacitat - Neus Franquesa","robots":{"index":"noindex","follow":"follow"},"og_locale":"ca_ES","og_type":"article","og_title":"Pol\u00edtica de privacitat - Neus Franquesa","og_url":"https:\/\/www.neusfranquesa.com\/ca\/politica-de-privacitat\/","og_site_name":"Neus Franquesa","article_modified_time":"2024-12-02T20:59:56+00:00","twitter_card":"summary_large_image","twitter_misc":{"Temps estimat de lectura":"4 minuts"},"schema":{"@context":"https:\/\/schema.org","@graph":[{"@type":"WebPage","@id":"https:\/\/www.neusfranquesa.com\/ca\/politica-de-privacitat\/","url":"https:\/\/www.neusfranquesa.com\/ca\/politica-de-privacitat\/","name":"Pol\u00edtica de privacitat - Neus Franquesa","isPartOf":{"@id":"https:\/\/www.neusfranquesa.com\/#website"},"datePublished":"2024-10-23T13:30:23+00:00","dateModified":"2024-12-02T20:59:56+00:00","breadcrumb":{"@id":"https:\/\/www.neusfranquesa.com\/ca\/politica-de-privacitat\/#breadcrumb"},"inLanguage":"ca","potentialAction":[{"@type":"ReadAction","target":["https:\/\/www.neusfranquesa.com\/ca\/politica-de-privacitat\/"]}]},{"@type":"BreadcrumbList","@id":"https:\/\/www.neusfranquesa.com\/ca\/politica-de-privacitat\/#breadcrumb","itemListElement":[{"@type":"ListItem","position":1,"name":"Portada","item":"https:\/\/www.neusfranquesa.com\/ca\/"},{"@type":"ListItem","position":2,"name":"Pol\u00edtica de privacitat"}]},{"@type":"WebSite","@id":"https:\/\/www.neusfranquesa.com\/#website","url":"https:\/\/www.neusfranquesa.com\/","name":"Neus Franquesa","description":"Psic\u00f3loga - Sex\u00f3loga","publisher":{"@id":"https:\/\/www.neusfranquesa.com\/#organization"},"potentialAction":[{"@type":"SearchAction","target":{"@type":"EntryPoint","urlTemplate":"https:\/\/www.neusfranquesa.com\/?s={search_term_string}"},"query-input":{"@type":"PropertyValueSpecification","valueRequired":true,"valueName":"search_term_string"}}],"inLanguage":"ca"},{"@type":"Organization","@id":"https:\/\/www.neusfranquesa.com\/#organization","name":"Neus Franquesa","url":"https:\/\/www.neusfranquesa.com\/","logo":{"@type":"ImageObject","inLanguage":"ca","@id":"https:\/\/www.neusfranquesa.com\/#\/schema\/logo\/image\/","url":"https:\/\/www.neusfranquesa.com\/wp-content\/uploads\/2024\/10\/neus-franquesa-scaled.jpg","contentUrl":"https:\/\/www.neusfranquesa.com\/wp-content\/uploads\/2024\/10\/neus-franquesa-scaled.jpg","width":2560,"height":1920,"caption":"Neus Franquesa"},"image":{"@id":"https:\/\/www.neusfranquesa.com\/#\/schema\/logo\/image\/"}}]}},"_links":{"self":[{"href":"https:\/\/www.neusfranquesa.com\/ca\/wp-json\/wp\/v2\/pages\/20846","targetHints":{"allow":["GET"]}}],"collection":[{"href":"https:\/\/www.neusfranquesa.com\/ca\/wp-json\/wp\/v2\/pages"}],"about":[{"href":"https:\/\/www.neusfranquesa.com\/ca\/wp-json\/wp\/v2\/types\/page"}],"author":[{"embeddable":true,"href":"https:\/\/www.neusfranquesa.com\/ca\/wp-json\/wp\/v2\/users\/7"}],"replies":[{"embeddable":true,"href":"https:\/\/www.neusfranquesa.com\/ca\/wp-json\/wp\/v2\/comments?post=20846"}],"version-history":[{"count":0,"href":"https:\/\/www.neusfranquesa.com\/ca\/wp-json\/wp\/v2\/pages\/20846\/revisions"}],"wp:attachment":[{"href":"https:\/\/www.neusfranquesa.com\/ca\/wp-json\/wp\/v2\/media?parent=20846"}],"curies":[{"name":"wp","href":"https:\/\/api.w.org\/{rel}","templated":true}]}}