{"id":20844,"date":"2024-11-26T12:39:26","date_gmt":"2024-11-26T11:39:26","guid":{"rendered":"https:\/\/www.neusfranquesa.com\/pack-de-sesiones-online-terapia-individual-o-de-pareja-a-precio-reducido\/"},"modified":"2026-04-17T12:44:10","modified_gmt":"2026-04-17T10:44:10","slug":"terapia-online-a-preu-reduit","status":"publish","type":"page","link":"https:\/\/www.neusfranquesa.com\/ca\/terapia-online-a-preu-reduit\/","title":{"rendered":"Pack de sessions online: Ter\u00e0pia individual o de parella apreu redu\u00eft"},"content":{"rendered":"<div class=\"fusion-fullwidth fullwidth-box fusion-builder-row-1 fusion-flex-container has-pattern-background has-mask-background fusion-parallax-none nonhundred-percent-fullwidth non-hundred-percent-height-scrolling lazyload\" style=\"--awb-border-radius-top-left:0px;--awb-border-radius-top-right:0px;--awb-border-radius-bottom-right:0px;--awb-border-radius-bottom-left:0px;--awb-padding-right:0px;--awb-padding-left:0px;--awb-padding-right-small:16px;--awb-padding-left-small:16px;--awb-margin-bottom:0px;--awb-background-color:var(--awb-color2);--awb-background-size:cover;--awb-flex-wrap:wrap;\" data-bg=\"https:\/\/www.neusfranquesa.com\/wp-content\/uploads\/2023\/02\/hero-graphic-2.svg\" ><div class=\"fusion-builder-row fusion-row fusion-flex-align-items-stretch fusion-flex-content-wrap\" style=\"max-width:calc( 1200px + 30px );margin-left: calc(-30px \/ 2 );margin-right: calc(-30px \/ 2 );\"><div class=\"fusion-layout-column fusion_builder_column fusion-builder-column-0 fusion_builder_column_1_1 1_1 fusion-flex-column fusion-animated\" style=\"--awb-padding-top:73px;--awb-padding-bottom:110px;--awb-padding-left:0%;--awb-padding-top-medium:65px;--awb-padding-right-medium:16px;--awb-padding-bottom-medium:75px;--awb-padding-left-medium:16px;--awb-padding-top-small:60px;--awb-padding-right-small:0px;--awb-padding-bottom-small:52px;--awb-padding-left-small:0px;--awb-bg-size:cover;--awb-border-color:hsla(var(--awb-color2-h),calc(var(--awb-color2-s) - 30%),calc(var(--awb-color2-l) - 10%),var(--awb-color2-a));--awb-border-top:0px;--awb-border-style:solid;--awb-width-large:100%;--awb-margin-top-large:0px;--awb-spacing-right-large:15px;--awb-margin-bottom-large:0px;--awb-spacing-left-large:15px;--awb-width-medium:100%;--awb-order-medium:0;--awb-spacing-right-medium:15px;--awb-spacing-left-medium:15px;--awb-width-small:100%;--awb-order-small:0;--awb-spacing-right-small:15px;--awb-spacing-left-small:15px;\" data-animationType=\"fadeInLeft\" data-animationDuration=\"0.6\" data-animationOffset=\"top-into-view\" data-scroll-devices=\"small-visibility,medium-visibility,large-visibility\"><div class=\"fusion-column-wrapper fusion-column-has-shadow fusion-flex-justify-content-flex-start fusion-content-layout-column\"><div class=\"fusion-title title fusion-title-1 fusion-sep-none fusion-title-text fusion-title-size-one\" style=\"--awb-margin-top:0px;--awb-margin-bottom:25px;--awb-margin-top-small:0px;--awb-margin-bottom-small:20px;\"><h1 class=\"fusion-title-heading title-heading-left fusion-responsive-typography-calculated\" style=\"margin:0;--fontSize:54;line-height:1.1;\">Descobreix el teu benestar<br \/>\namb el pack de 4 sessions online<\/h1><\/div><div class=\"fusion-text fusion-text-1 fusion-text-no-margin\" style=\"--awb-margin-right:15%;--awb-margin-bottom:40px;\"><p>T&#8217;ofereixo un <strong>pack exclusiu de 4 sessions en l\u00ednia<\/strong> amb un preu redu\u00eft perqu\u00e8 puguis avan\u00e7ar en els teus objectius de forma accessible i des de la comoditat de la teva llar.<\/p>\n<\/div><div class=\"fusion-builder-row fusion-builder-row-inner fusion-row fusion-flex-align-items-stretch fusion-flex-content-wrap\" style=\"width:calc( 100% + 30px ) !important;max-width:calc( 100% + 30px ) !important;margin-left: calc(-30px \/ 2 );margin-right: calc(-30px \/ 2 );\"><div class=\"fusion-layout-column fusion_builder_column_inner fusion-builder-nested-column-0 fusion_builder_column_inner_1_2 1_2 fusion-flex-column\" style=\"--awb-padding-top:20px;--awb-padding-right:20px;--awb-padding-bottom:20px;--awb-padding-left:20px;--awb-overflow:hidden;--awb-bg-color:var(--awb-color1);--awb-bg-color-hover:var(--awb-color1);--awb-bg-size:cover;--awb-border-radius:8px 8px 8px 8px;--awb-width-large:50%;--awb-margin-top-large:0px;--awb-spacing-right-large:15px;--awb-margin-bottom-large:20px;--awb-spacing-left-large:15px;--awb-width-medium:50%;--awb-order-medium:0;--awb-spacing-right-medium:15px;--awb-spacing-left-medium:15px;--awb-width-small:100%;--awb-order-small:0;--awb-spacing-right-small:15px;--awb-spacing-left-small:15px;\"><div class=\"fusion-column-wrapper fusion-column-has-shadow fusion-flex-justify-content-flex-start fusion-content-layout-column\"><div class=\"fusion-title title fusion-title-2 fusion-sep-none fusion-title-center fusion-title-text fusion-title-size-four\"><h4 class=\"fusion-title-heading title-heading-center fusion-responsive-typography-calculated\" style=\"margin:0;--fontSize:28;line-height:var(--awb-typography1-line-height);\">Ter\u00e0pia individual<\/h4><\/div><div class=\"fusion-text fusion-text-2\" style=\"--awb-content-alignment:center;\"><p>4 sessions per <strong>280\u20ac<\/strong> (en lloc de 300\u20ac).<br \/>\nCada sessi\u00f3 us surt per nom\u00e9s <strong>70\u20ac<\/strong>!<\/p>\n<\/div><\/div><\/div><div class=\"fusion-layout-column fusion_builder_column_inner fusion-builder-nested-column-1 fusion_builder_column_inner_1_2 1_2 fusion-flex-column\" style=\"--awb-padding-top:20px;--awb-padding-right:20px;--awb-padding-bottom:20px;--awb-padding-left:20px;--awb-overflow:hidden;--awb-bg-color:var(--awb-color1);--awb-bg-color-hover:var(--awb-color1);--awb-bg-size:cover;--awb-border-radius:8px 8px 8px 8px;--awb-width-large:50%;--awb-margin-top-large:0px;--awb-spacing-right-large:15px;--awb-margin-bottom-large:20px;--awb-spacing-left-large:15px;--awb-width-medium:50%;--awb-order-medium:0;--awb-spacing-right-medium:15px;--awb-spacing-left-medium:15px;--awb-width-small:100%;--awb-order-small:0;--awb-spacing-right-small:15px;--awb-spacing-left-small:15px;\"><div class=\"fusion-column-wrapper fusion-column-has-shadow fusion-flex-justify-content-flex-start fusion-content-layout-column\"><div class=\"fusion-title title fusion-title-3 fusion-sep-none fusion-title-center fusion-title-text fusion-title-size-four\"><h4 class=\"fusion-title-heading title-heading-center fusion-responsive-typography-calculated\" style=\"margin:0;--fontSize:28;line-height:var(--awb-typography1-line-height);\">Ter\u00e0pia de parella<\/h4><\/div><div class=\"fusion-text fusion-text-3\" style=\"--awb-content-alignment:center;\"><p>4 sessions per <strong>360\u20ac<\/strong> (en lloc de 400\u20ac).<br \/>\nCada sessi\u00f3 et surt per nom\u00e9s <strong>90\u20ac<\/strong>!<\/p>\n<\/div><\/div><\/div><\/div><div class=\"fusion-text fusion-text-4 fusion-text-no-margin\" style=\"--awb-margin-right:15%;--awb-margin-bottom:40px;\"><p>Utilitza el formulari de sota per <strong>seleccionar el tipus de ter\u00e0pia, la data i hora<\/strong> que millor et convingui.Rebr\u00e0s un enlla\u00e7 per <strong>connectar-te a la videoconfer\u00e8ncia<\/strong> en la data seleccionada.<\/p>\n<\/div><div class=\"fusion-text fusion-text-5\">\r\n<script>\r\n  if (typeof hasAmeliaEntitiesApiCall === 'undefined' && '' === '') {\r\n    var hasAmeliaEntitiesApiCall = true;\r\n  }\r\n  var ameliaShortcodeData = (typeof ameliaShortcodeData === 'undefined') ? [] : ameliaShortcodeData;\r\n  ameliaShortcodeData.push(\r\n    {\r\n      'hasApiCall': (typeof hasAmeliaEntitiesApiCall !== 'undefined') && hasAmeliaEntitiesApiCall,\r\n      'trigger': '',\r\n      'trigger_type': '',\r\n      'triggered_form': 'sbsNew',\r\n      'in_dialog': '',\r\n      'show': '',\r\n      'counter': '1000',\r\n      'category': '3',\r\n      'service': '',\r\n      'employee': '',\r\n      'location': '',\r\n      'package': ''\r\n    }\r\n  );\r\n\r\n  var ameliaShortcodeDataTriggered = (typeof ameliaShortcodeDataTriggered === 'undefined') ? [] : ameliaShortcodeDataTriggered;\r\n  if (ameliaShortcodeData[ameliaShortcodeData.length - 1].trigger !== '') {\r\n    if (ameliaShortcodeDataTriggered.filter(a => a.counter === ameliaShortcodeData[ameliaShortcodeData.length - 1].counter).length === 0) {\r\n      ameliaShortcodeDataTriggered.push(ameliaShortcodeData.pop());\r\n    } else {\r\n      ameliaShortcodeData.pop()\r\n    }\r\n  }\r\n  if (typeof hasAmeliaEntitiesApiCall !== 'undefined' && hasAmeliaEntitiesApiCall) {\r\n    hasAmeliaEntitiesApiCall = false;\r\n  }\r\n<\/script>\r\n\r\n<div\r\n  id=\"amelia-v2-booking-1000\"\r\n  class=\"amelia-v2-booking\"\r\n >\r\n    <step-form-wrapper><\/step-form-wrapper><\/div>\r\n\n<\/div><\/div><\/div><\/div><\/div>\n","protected":false},"excerpt":{"rendered":"","protected":false},"author":7,"featured_media":0,"parent":0,"menu_order":0,"comment_status":"closed","ping_status":"closed","template":"100-width.php","meta":{"_joinchat":[],"footnotes":""},"class_list":["post-20844","page","type-page","status-publish","hentry"],"yoast_head":"<!-- This site is optimized with the Yoast SEO plugin v26.4 - https:\/\/yoast.com\/wordpress\/plugins\/seo\/ -->\n<title>Pack de sessions online: Ter\u00e0pia individual o de parella apreu redu\u00eft - Neus Franquesa<\/title>\n<meta name=\"description\" content=\"T&#039;ofereixo un pack exclusiu de 4 sessions en l\u00ednia amb un preu redu\u00eft perqu\u00e8 puguis avan\u00e7ar en els teus objectius de forma accessible i des de la comoditat de la teva llar.\" \/>\n<meta name=\"robots\" content=\"index, follow, max-snippet:-1, max-image-preview:large, max-video-preview:-1\" \/>\n<link rel=\"canonical\" href=\"https:\/\/www.neusfranquesa.com\/ca\/terapia-online-a-preu-reduit\/\" \/>\n<meta property=\"og:locale\" content=\"ca_ES\" \/>\n<meta property=\"og:type\" content=\"article\" \/>\n<meta property=\"og:title\" content=\"Pack de sessions online: Ter\u00e0pia individual o de parella apreu redu\u00eft - Neus Franquesa\" \/>\n<meta property=\"og:description\" content=\"T&#039;ofereixo un pack exclusiu de 4 sessions en l\u00ednia amb un preu redu\u00eft perqu\u00e8 puguis avan\u00e7ar en els teus objectius de forma accessible i des de la comoditat de la teva llar.\" \/>\n<meta property=\"og:url\" content=\"https:\/\/www.neusfranquesa.com\/ca\/terapia-online-a-preu-reduit\/\" \/>\n<meta property=\"og:site_name\" content=\"Neus Franquesa\" \/>\n<meta property=\"article:modified_time\" content=\"2026-04-17T10:44:10+00:00\" \/>\n<meta name=\"twitter:card\" content=\"summary_large_image\" \/>\n<meta name=\"twitter:label1\" content=\"Temps estimat de lectura\" \/>\n\t<meta name=\"twitter:data1\" content=\"1 minut\" \/>\n<script type=\"application\/ld+json\" class=\"yoast-schema-graph\">{\"@context\":\"https:\/\/schema.org\",\"@graph\":[{\"@type\":\"WebPage\",\"@id\":\"https:\/\/www.neusfranquesa.com\/ca\/terapia-online-a-preu-reduit\/\",\"url\":\"https:\/\/www.neusfranquesa.com\/ca\/terapia-online-a-preu-reduit\/\",\"name\":\"Pack de sessions online: Ter\u00e0pia individual o de parella apreu redu\u00eft - Neus Franquesa\",\"isPartOf\":{\"@id\":\"https:\/\/www.neusfranquesa.com\/#website\"},\"datePublished\":\"2024-11-26T11:39:26+00:00\",\"dateModified\":\"2026-04-17T10:44:10+00:00\",\"description\":\"T'ofereixo un pack exclusiu de 4 sessions en l\u00ednia amb un preu redu\u00eft perqu\u00e8 puguis avan\u00e7ar en els teus objectius de forma accessible i des de la comoditat de la teva llar.\",\"breadcrumb\":{\"@id\":\"https:\/\/www.neusfranquesa.com\/ca\/terapia-online-a-preu-reduit\/#breadcrumb\"},\"inLanguage\":\"ca\",\"potentialAction\":[{\"@type\":\"ReadAction\",\"target\":[\"https:\/\/www.neusfranquesa.com\/ca\/terapia-online-a-preu-reduit\/\"]}]},{\"@type\":\"BreadcrumbList\",\"@id\":\"https:\/\/www.neusfranquesa.com\/ca\/terapia-online-a-preu-reduit\/#breadcrumb\",\"itemListElement\":[{\"@type\":\"ListItem\",\"position\":1,\"name\":\"Portada\",\"item\":\"https:\/\/www.neusfranquesa.com\/ca\/\"},{\"@type\":\"ListItem\",\"position\":2,\"name\":\"Pack de sessions online: Ter\u00e0pia individual o de parella apreu redu\u00eft\"}]},{\"@type\":\"WebSite\",\"@id\":\"https:\/\/www.neusfranquesa.com\/#website\",\"url\":\"https:\/\/www.neusfranquesa.com\/\",\"name\":\"Neus Franquesa\",\"description\":\"Psic\u00f3loga - Sex\u00f3loga\",\"publisher\":{\"@id\":\"https:\/\/www.neusfranquesa.com\/#organization\"},\"potentialAction\":[{\"@type\":\"SearchAction\",\"target\":{\"@type\":\"EntryPoint\",\"urlTemplate\":\"https:\/\/www.neusfranquesa.com\/?s={search_term_string}\"},\"query-input\":{\"@type\":\"PropertyValueSpecification\",\"valueRequired\":true,\"valueName\":\"search_term_string\"}}],\"inLanguage\":\"ca\"},{\"@type\":\"Organization\",\"@id\":\"https:\/\/www.neusfranquesa.com\/#organization\",\"name\":\"Neus Franquesa\",\"url\":\"https:\/\/www.neusfranquesa.com\/\",\"logo\":{\"@type\":\"ImageObject\",\"inLanguage\":\"ca\",\"@id\":\"https:\/\/www.neusfranquesa.com\/#\/schema\/logo\/image\/\",\"url\":\"https:\/\/www.neusfranquesa.com\/wp-content\/uploads\/2024\/10\/neus-franquesa-scaled.jpg\",\"contentUrl\":\"https:\/\/www.neusfranquesa.com\/wp-content\/uploads\/2024\/10\/neus-franquesa-scaled.jpg\",\"width\":2560,\"height\":1920,\"caption\":\"Neus Franquesa\"},\"image\":{\"@id\":\"https:\/\/www.neusfranquesa.com\/#\/schema\/logo\/image\/\"}}]}<\/script>\n<!-- \/ Yoast SEO plugin. -->","yoast_head_json":{"title":"Pack de sessions online: Ter\u00e0pia individual o de parella apreu redu\u00eft - Neus Franquesa","description":"T'ofereixo un pack exclusiu de 4 sessions en l\u00ednia amb un preu redu\u00eft perqu\u00e8 puguis avan\u00e7ar en els teus objectius de forma accessible i des de la comoditat de la teva llar.","robots":{"index":"index","follow":"follow","max-snippet":"max-snippet:-1","max-image-preview":"max-image-preview:large","max-video-preview":"max-video-preview:-1"},"canonical":"https:\/\/www.neusfranquesa.com\/ca\/terapia-online-a-preu-reduit\/","og_locale":"ca_ES","og_type":"article","og_title":"Pack de sessions online: Ter\u00e0pia individual o de parella apreu redu\u00eft - Neus Franquesa","og_description":"T'ofereixo un pack exclusiu de 4 sessions en l\u00ednia amb un preu redu\u00eft perqu\u00e8 puguis avan\u00e7ar en els teus objectius de forma accessible i des de la comoditat de la teva llar.","og_url":"https:\/\/www.neusfranquesa.com\/ca\/terapia-online-a-preu-reduit\/","og_site_name":"Neus Franquesa","article_modified_time":"2026-04-17T10:44:10+00:00","twitter_card":"summary_large_image","twitter_misc":{"Temps estimat de lectura":"1 minut"},"schema":{"@context":"https:\/\/schema.org","@graph":[{"@type":"WebPage","@id":"https:\/\/www.neusfranquesa.com\/ca\/terapia-online-a-preu-reduit\/","url":"https:\/\/www.neusfranquesa.com\/ca\/terapia-online-a-preu-reduit\/","name":"Pack de sessions online: Ter\u00e0pia individual o de parella apreu redu\u00eft - Neus Franquesa","isPartOf":{"@id":"https:\/\/www.neusfranquesa.com\/#website"},"datePublished":"2024-11-26T11:39:26+00:00","dateModified":"2026-04-17T10:44:10+00:00","description":"T'ofereixo un pack exclusiu de 4 sessions en l\u00ednia amb un preu redu\u00eft perqu\u00e8 puguis avan\u00e7ar en els teus objectius de forma accessible i des de la comoditat de la teva llar.","breadcrumb":{"@id":"https:\/\/www.neusfranquesa.com\/ca\/terapia-online-a-preu-reduit\/#breadcrumb"},"inLanguage":"ca","potentialAction":[{"@type":"ReadAction","target":["https:\/\/www.neusfranquesa.com\/ca\/terapia-online-a-preu-reduit\/"]}]},{"@type":"BreadcrumbList","@id":"https:\/\/www.neusfranquesa.com\/ca\/terapia-online-a-preu-reduit\/#breadcrumb","itemListElement":[{"@type":"ListItem","position":1,"name":"Portada","item":"https:\/\/www.neusfranquesa.com\/ca\/"},{"@type":"ListItem","position":2,"name":"Pack de sessions online: Ter\u00e0pia individual o de parella apreu redu\u00eft"}]},{"@type":"WebSite","@id":"https:\/\/www.neusfranquesa.com\/#website","url":"https:\/\/www.neusfranquesa.com\/","name":"Neus Franquesa","description":"Psic\u00f3loga - Sex\u00f3loga","publisher":{"@id":"https:\/\/www.neusfranquesa.com\/#organization"},"potentialAction":[{"@type":"SearchAction","target":{"@type":"EntryPoint","urlTemplate":"https:\/\/www.neusfranquesa.com\/?s={search_term_string}"},"query-input":{"@type":"PropertyValueSpecification","valueRequired":true,"valueName":"search_term_string"}}],"inLanguage":"ca"},{"@type":"Organization","@id":"https:\/\/www.neusfranquesa.com\/#organization","name":"Neus Franquesa","url":"https:\/\/www.neusfranquesa.com\/","logo":{"@type":"ImageObject","inLanguage":"ca","@id":"https:\/\/www.neusfranquesa.com\/#\/schema\/logo\/image\/","url":"https:\/\/www.neusfranquesa.com\/wp-content\/uploads\/2024\/10\/neus-franquesa-scaled.jpg","contentUrl":"https:\/\/www.neusfranquesa.com\/wp-content\/uploads\/2024\/10\/neus-franquesa-scaled.jpg","width":2560,"height":1920,"caption":"Neus Franquesa"},"image":{"@id":"https:\/\/www.neusfranquesa.com\/#\/schema\/logo\/image\/"}}]}},"_links":{"self":[{"href":"https:\/\/www.neusfranquesa.com\/ca\/wp-json\/wp\/v2\/pages\/20844","targetHints":{"allow":["GET"]}}],"collection":[{"href":"https:\/\/www.neusfranquesa.com\/ca\/wp-json\/wp\/v2\/pages"}],"about":[{"href":"https:\/\/www.neusfranquesa.com\/ca\/wp-json\/wp\/v2\/types\/page"}],"author":[{"embeddable":true,"href":"https:\/\/www.neusfranquesa.com\/ca\/wp-json\/wp\/v2\/users\/7"}],"replies":[{"embeddable":true,"href":"https:\/\/www.neusfranquesa.com\/ca\/wp-json\/wp\/v2\/comments?post=20844"}],"version-history":[{"count":1,"href":"https:\/\/www.neusfranquesa.com\/ca\/wp-json\/wp\/v2\/pages\/20844\/revisions"}],"predecessor-version":[{"id":21128,"href":"https:\/\/www.neusfranquesa.com\/ca\/wp-json\/wp\/v2\/pages\/20844\/revisions\/21128"}],"wp:attachment":[{"href":"https:\/\/www.neusfranquesa.com\/ca\/wp-json\/wp\/v2\/media?parent=20844"}],"curies":[{"name":"wp","href":"https:\/\/api.w.org\/{rel}","templated":true}]}}