{"id":20843,"date":"2024-10-23T15:40:09","date_gmt":"2024-10-23T13:40:09","guid":{"rendered":"https:\/\/www.neusfranquesa.com\/aviso-legal\/"},"modified":"2024-12-02T21:54:54","modified_gmt":"2024-12-02T20:54:54","slug":"avis-legal","status":"publish","type":"page","link":"https:\/\/www.neusfranquesa.com\/ca\/avis-legal\/","title":{"rendered":"Av\u00eds legal"},"content":{"rendered":"<div class=\"fusion-fullwidth fullwidth-box fusion-builder-row-1 fusion-flex-container nonhundred-percent-fullwidth non-hundred-percent-height-scrolling\" style=\"--awb-border-radius-top-left:0px;--awb-border-radius-top-right:0px;--awb-border-radius-bottom-right:0px;--awb-border-radius-bottom-left:0px;--awb-flex-wrap:wrap;\" ><div class=\"fusion-builder-row fusion-row fusion-flex-align-items-flex-start fusion-flex-content-wrap\" style=\"max-width:1248px;margin-left: calc(-4% \/ 2 );margin-right: calc(-4% \/ 2 );\"><div class=\"fusion-layout-column fusion_builder_column fusion-builder-column-0 fusion_builder_column_1_1 1_1 fusion-flex-column\" style=\"--awb-bg-size:cover;--awb-width-large:100%;--awb-margin-top-large:0px;--awb-spacing-right-large:1.92%;--awb-margin-bottom-large:0px;--awb-spacing-left-large:1.92%;--awb-width-medium:100%;--awb-spacing-right-medium:1.92%;--awb-spacing-left-medium:1.92%;--awb-width-small:100%;--awb-spacing-right-small:1.92%;--awb-spacing-left-small:1.92%;\"><div class=\"fusion-column-wrapper fusion-flex-justify-content-flex-start fusion-content-layout-column\"><div class=\"fusion-text fusion-text-1\"><h2>Av\u00eds legal<\/h2>\n<h3>Titularitat del lloc web<\/h3>\n<p>En compliment de la Llei 34\/2002, d&#8217;11 de juliol, de Serveis de la Societat de la Informaci\u00f3 i de Comer\u00e7 Electr\u00f2nic (LSSI-CE), s&#8217;informa els usuaris que la titularitat del present lloc web, <strong><a href=\"http:\/\/www.neusfranquesa.com\" target=\"_new\" rel=\"noopener\">www.neusfranquesa.com<\/a><\/strong> (d&#8217;ara endavant, &#8220;el Lloc Web&#8221;), correspon a Neus Franquesa Oliveres, amb n\u00fam. de col\u00b7legiada 18.830 i correu electr\u00f2nic de contacte <strong><a rel=\"noopener\">neusfranquesao@gmail.com<\/a><\/strong>.<\/p>\n<p>L&#8217;acc\u00e9s, la navegaci\u00f3 i l&#8217;\u00fas del Lloc Web implica l&#8217;acceptaci\u00f3 expressa i sense reserves de tots els termes d&#8217;aquest Av\u00eds Legal, que t\u00e9 la mateixa validesa que qualsevol contracte formalitzat per escrit i signat.<\/p>\n<hr \/>\n<h3>1. Objecte<\/h3>\n<p>Aquest Av\u00eds Legal regula les condicions d&#8217;acc\u00e9s, \u00fas i navegaci\u00f3 del Lloc Web, on Neus Franquesa Oliveres ofereix serveis de psicologia, incloent-hi la possibilitat de realitzar reserves en l\u00ednia per a consultes psicol\u00f2giques.<\/p>\n<hr \/>\n<h3>2. Condicions d&#8217;\u00fas<\/h3>\n<p>En accedir al Lloc Web, l&#8217;usuari es compromet a utilitzar-lo de conformitat amb la legislaci\u00f3 vigent, aquest Av\u00eds Legal i les bones pr\u00e0ctiques. Queda prohibit qualsevol \u00fas amb finalitats il\u00b7l\u00edcites o lesives que puguin impedir el funcionament normal del Lloc Web o danyar els drets i interessos de tercers.<\/p>\n<hr \/>\n<h3>3. Propietat intel\u00b7lectual i industrial<\/h3>\n<p>Tots els continguts del Lloc Web, incloent-hi, sense limitaci\u00f3, els textos, gr\u00e0fics, imatges, disseny, codi font, logotips i altres elements protegibles per drets de propietat intel\u00b7lectual i industrial, s\u00f3n titularitat de Neus Franquesa Oliveres o de tercers que n&#8217;han autoritzat l&#8217;\u00fas. Es prohibeix expressament la seva reproducci\u00f3, distribuci\u00f3 o modificaci\u00f3 sense autoritzaci\u00f3 pr\u00e8via i per escrit.<\/p>\n<hr \/>\n<h3>4. Limitaci\u00f3 de responsabilitat<\/h3>\n<p>Neus Franquesa Oliveres no garanteix l&#8217;abs\u00e8ncia de virus o altres elements al Lloc Web que puguin provocar alteracions en els sistemes inform\u00e0tics o en els documents electr\u00f2nics i fitxers de l&#8217;usuari. En conseq\u00fc\u00e8ncia, Neus Franquesa Oliveres no es fa responsable dels danys i perjudicis que aquests elements puguin causar a l&#8217;usuari o a tercers.<\/p>\n<p>A m\u00e9s, Neus Franquesa Oliveres no es responsabilitza dels continguts ni de la disponibilitat dels enlla\u00e7os externs que es puguin incloure al Lloc Web.<\/p>\n<hr \/>\n<h3>5. Pol\u00edtica d&#8217;enlla\u00e7os<\/h3>\n<p>El Lloc Web pot incloure enlla\u00e7os a p\u00e0gines de tercers. Neus Franquesa Oliveres no assumeix cap responsabilitat pels continguts, pol\u00edtiques de privacitat o pr\u00e0ctiques d&#8217;aquestes p\u00e0gines.<\/p>\n<hr \/>\n<h3>6. Modificacions<\/h3>\n<p>Neus Franquesa Oliveres es reserva el dret a modificar aquest Av\u00eds Legal en qualsevol moment, motiu pel qual es recomana a l&#8217;usuari revisar-lo peri\u00f2dicament.<\/p>\n<hr \/>\n<h3>7. Legislaci\u00f3 aplicable i jurisdicci\u00f3<\/h3>\n<p>Aquest Av\u00eds Legal es regeix per la normativa espanyola vigent. Per a qualsevol controv\u00e8rsia que pugui sorgir de l&#8217;acc\u00e9s o \u00fas del Lloc Web, les parts se sotmeten als jutjats i tribunals de la ciutat de Barcelona, amb ren\u00fancia expressa a qualsevol altre fur que els pogu\u00e9s correspondre.<\/p>\n<p>Si tens qualsevol consulta sobre aquest Av\u00eds Legal, pots posar-te en contacte amb nosaltres a trav\u00e9s del correu electr\u00f2nic: <strong><a rel=\"noopener\">neusfranquesao@gmail.com<\/a><\/strong>.<\/p>\n<\/div><\/div><\/div><\/div><\/div>\n","protected":false},"excerpt":{"rendered":"","protected":false},"author":7,"featured_media":0,"parent":0,"menu_order":0,"comment_status":"closed","ping_status":"closed","template":"100-width.php","meta":{"_joinchat":[],"footnotes":""},"class_list":["post-20843","page","type-page","status-publish","hentry"],"yoast_head":"<!-- This site is optimized with the Yoast SEO plugin v26.4 - https:\/\/yoast.com\/wordpress\/plugins\/seo\/ -->\n<title>Av\u00eds legal - Neus Franquesa<\/title>\n<meta name=\"robots\" content=\"noindex, follow\" \/>\n<meta property=\"og:locale\" content=\"ca_ES\" \/>\n<meta property=\"og:type\" content=\"article\" \/>\n<meta property=\"og:title\" content=\"Av\u00eds legal - Neus Franquesa\" \/>\n<meta property=\"og:url\" content=\"https:\/\/www.neusfranquesa.com\/ca\/avis-legal\/\" \/>\n<meta property=\"og:site_name\" content=\"Neus Franquesa\" \/>\n<meta property=\"article:modified_time\" content=\"2024-12-02T20:54:54+00:00\" \/>\n<meta name=\"twitter:card\" content=\"summary_large_image\" \/>\n<meta name=\"twitter:label1\" content=\"Temps estimat de lectura\" \/>\n\t<meta name=\"twitter:data1\" content=\"3 minuts\" \/>\n<script type=\"application\/ld+json\" class=\"yoast-schema-graph\">{\"@context\":\"https:\/\/schema.org\",\"@graph\":[{\"@type\":\"WebPage\",\"@id\":\"https:\/\/www.neusfranquesa.com\/ca\/avis-legal\/\",\"url\":\"https:\/\/www.neusfranquesa.com\/ca\/avis-legal\/\",\"name\":\"Av\u00eds legal - Neus Franquesa\",\"isPartOf\":{\"@id\":\"https:\/\/www.neusfranquesa.com\/#website\"},\"datePublished\":\"2024-10-23T13:40:09+00:00\",\"dateModified\":\"2024-12-02T20:54:54+00:00\",\"breadcrumb\":{\"@id\":\"https:\/\/www.neusfranquesa.com\/ca\/avis-legal\/#breadcrumb\"},\"inLanguage\":\"ca\",\"potentialAction\":[{\"@type\":\"ReadAction\",\"target\":[\"https:\/\/www.neusfranquesa.com\/ca\/avis-legal\/\"]}]},{\"@type\":\"BreadcrumbList\",\"@id\":\"https:\/\/www.neusfranquesa.com\/ca\/avis-legal\/#breadcrumb\",\"itemListElement\":[{\"@type\":\"ListItem\",\"position\":1,\"name\":\"Portada\",\"item\":\"https:\/\/www.neusfranquesa.com\/ca\/\"},{\"@type\":\"ListItem\",\"position\":2,\"name\":\"Av\u00eds legal\"}]},{\"@type\":\"WebSite\",\"@id\":\"https:\/\/www.neusfranquesa.com\/#website\",\"url\":\"https:\/\/www.neusfranquesa.com\/\",\"name\":\"Neus Franquesa\",\"description\":\"Psic\u00f3loga - Sex\u00f3loga\",\"publisher\":{\"@id\":\"https:\/\/www.neusfranquesa.com\/#organization\"},\"potentialAction\":[{\"@type\":\"SearchAction\",\"target\":{\"@type\":\"EntryPoint\",\"urlTemplate\":\"https:\/\/www.neusfranquesa.com\/?s={search_term_string}\"},\"query-input\":{\"@type\":\"PropertyValueSpecification\",\"valueRequired\":true,\"valueName\":\"search_term_string\"}}],\"inLanguage\":\"ca\"},{\"@type\":\"Organization\",\"@id\":\"https:\/\/www.neusfranquesa.com\/#organization\",\"name\":\"Neus Franquesa\",\"url\":\"https:\/\/www.neusfranquesa.com\/\",\"logo\":{\"@type\":\"ImageObject\",\"inLanguage\":\"ca\",\"@id\":\"https:\/\/www.neusfranquesa.com\/#\/schema\/logo\/image\/\",\"url\":\"https:\/\/www.neusfranquesa.com\/wp-content\/uploads\/2024\/10\/neus-franquesa-scaled.jpg\",\"contentUrl\":\"https:\/\/www.neusfranquesa.com\/wp-content\/uploads\/2024\/10\/neus-franquesa-scaled.jpg\",\"width\":2560,\"height\":1920,\"caption\":\"Neus Franquesa\"},\"image\":{\"@id\":\"https:\/\/www.neusfranquesa.com\/#\/schema\/logo\/image\/\"}}]}<\/script>\n<!-- \/ Yoast SEO plugin. -->","yoast_head_json":{"title":"Av\u00eds legal - Neus Franquesa","robots":{"index":"noindex","follow":"follow"},"og_locale":"ca_ES","og_type":"article","og_title":"Av\u00eds legal - Neus Franquesa","og_url":"https:\/\/www.neusfranquesa.com\/ca\/avis-legal\/","og_site_name":"Neus Franquesa","article_modified_time":"2024-12-02T20:54:54+00:00","twitter_card":"summary_large_image","twitter_misc":{"Temps estimat de lectura":"3 minuts"},"schema":{"@context":"https:\/\/schema.org","@graph":[{"@type":"WebPage","@id":"https:\/\/www.neusfranquesa.com\/ca\/avis-legal\/","url":"https:\/\/www.neusfranquesa.com\/ca\/avis-legal\/","name":"Av\u00eds legal - Neus Franquesa","isPartOf":{"@id":"https:\/\/www.neusfranquesa.com\/#website"},"datePublished":"2024-10-23T13:40:09+00:00","dateModified":"2024-12-02T20:54:54+00:00","breadcrumb":{"@id":"https:\/\/www.neusfranquesa.com\/ca\/avis-legal\/#breadcrumb"},"inLanguage":"ca","potentialAction":[{"@type":"ReadAction","target":["https:\/\/www.neusfranquesa.com\/ca\/avis-legal\/"]}]},{"@type":"BreadcrumbList","@id":"https:\/\/www.neusfranquesa.com\/ca\/avis-legal\/#breadcrumb","itemListElement":[{"@type":"ListItem","position":1,"name":"Portada","item":"https:\/\/www.neusfranquesa.com\/ca\/"},{"@type":"ListItem","position":2,"name":"Av\u00eds legal"}]},{"@type":"WebSite","@id":"https:\/\/www.neusfranquesa.com\/#website","url":"https:\/\/www.neusfranquesa.com\/","name":"Neus Franquesa","description":"Psic\u00f3loga - Sex\u00f3loga","publisher":{"@id":"https:\/\/www.neusfranquesa.com\/#organization"},"potentialAction":[{"@type":"SearchAction","target":{"@type":"EntryPoint","urlTemplate":"https:\/\/www.neusfranquesa.com\/?s={search_term_string}"},"query-input":{"@type":"PropertyValueSpecification","valueRequired":true,"valueName":"search_term_string"}}],"inLanguage":"ca"},{"@type":"Organization","@id":"https:\/\/www.neusfranquesa.com\/#organization","name":"Neus Franquesa","url":"https:\/\/www.neusfranquesa.com\/","logo":{"@type":"ImageObject","inLanguage":"ca","@id":"https:\/\/www.neusfranquesa.com\/#\/schema\/logo\/image\/","url":"https:\/\/www.neusfranquesa.com\/wp-content\/uploads\/2024\/10\/neus-franquesa-scaled.jpg","contentUrl":"https:\/\/www.neusfranquesa.com\/wp-content\/uploads\/2024\/10\/neus-franquesa-scaled.jpg","width":2560,"height":1920,"caption":"Neus Franquesa"},"image":{"@id":"https:\/\/www.neusfranquesa.com\/#\/schema\/logo\/image\/"}}]}},"_links":{"self":[{"href":"https:\/\/www.neusfranquesa.com\/ca\/wp-json\/wp\/v2\/pages\/20843","targetHints":{"allow":["GET"]}}],"collection":[{"href":"https:\/\/www.neusfranquesa.com\/ca\/wp-json\/wp\/v2\/pages"}],"about":[{"href":"https:\/\/www.neusfranquesa.com\/ca\/wp-json\/wp\/v2\/types\/page"}],"author":[{"embeddable":true,"href":"https:\/\/www.neusfranquesa.com\/ca\/wp-json\/wp\/v2\/users\/7"}],"replies":[{"embeddable":true,"href":"https:\/\/www.neusfranquesa.com\/ca\/wp-json\/wp\/v2\/comments?post=20843"}],"version-history":[{"count":0,"href":"https:\/\/www.neusfranquesa.com\/ca\/wp-json\/wp\/v2\/pages\/20843\/revisions"}],"wp:attachment":[{"href":"https:\/\/www.neusfranquesa.com\/ca\/wp-json\/wp\/v2\/media?parent=20843"}],"curies":[{"name":"wp","href":"https:\/\/api.w.org\/{rel}","templated":true}]}}