{"id":20841,"date":"2024-10-23T22:12:49","date_gmt":"2024-10-23T20:12:49","guid":{"rendered":"https:\/\/www.neusfranquesa.com\/faqs\/"},"modified":"2024-12-10T11:45:54","modified_gmt":"2024-12-10T10:45:54","slug":"faqs","status":"publish","type":"page","link":"https:\/\/www.neusfranquesa.com\/ca\/faqs\/","title":{"rendered":"FAQs"},"content":{"rendered":"<p><div class=\"fusion-fullwidth fullwidth-box fusion-builder-row-1 fusion-flex-container has-pattern-background has-mask-background fusion-parallax-none hundred-percent-fullwidth non-hundred-percent-height-scrolling lazyload\" style=\"--awb-border-radius-top-left:0px;--awb-border-radius-top-right:0px;--awb-border-radius-bottom-right:0px;--awb-border-radius-bottom-left:0px;--awb-padding-right:0px;--awb-padding-left:0px;--awb-margin-bottom:0px;--awb-background-color:var(--awb-color2);--awb-background-size:cover;--awb-flex-wrap:wrap;\" data-bg=\"https:\/\/www.neusfranquesa.com\/wp-content\/uploads\/2023\/02\/hero-graphic-2.svg\" ><div class=\"fusion-builder-row fusion-row fusion-flex-align-items-stretch fusion-flex-content-wrap\" style=\"width:calc( 100% + 0px ) !important;max-width:calc( 100% + 0px ) !important;margin-left: calc(-0px \/ 2 );margin-right: calc(-0px \/ 2 );\"><div class=\"fusion-layout-column fusion_builder_column fusion-builder-column-0 fusion-flex-column fusion-animated\" style=\"--awb-padding-top:110px;--awb-padding-right:110px;--awb-padding-bottom:110px;--awb-padding-left:20%;--awb-padding-top-medium:75px;--awb-padding-right-medium:51px;--awb-padding-bottom-medium:72px;--awb-padding-left-medium:50.714299999999994px;--awb-padding-top-small:60px;--awb-padding-right-small:16px;--awb-padding-bottom-small:52px;--awb-padding-left-small:16px;--awb-bg-size:cover;--awb-border-color:hsla(var(--awb-color2-h),calc(var(--awb-color2-s) - 30%),calc(var(--awb-color2-l) - 10%),var(--awb-color2-a));--awb-border-top:0px;--awb-border-style:solid;--awb-width-large:45%;--awb-margin-top-large:0px;--awb-spacing-right-large:0px;--awb-margin-bottom-large:0px;--awb-spacing-left-large:0px;--awb-width-medium:50%;--awb-order-medium:0;--awb-spacing-right-medium:0px;--awb-spacing-left-medium:0px;--awb-width-small:100%;--awb-order-small:0;--awb-spacing-right-small:0px;--awb-spacing-left-small:0px;\" data-animationType=\"fadeInLeft\" data-animationDuration=\"0.6\" data-animationOffset=\"top-into-view\"><div class=\"fusion-column-wrapper fusion-column-has-shadow fusion-flex-justify-content-flex-start fusion-content-layout-column\"><div class=\"fusion-title title fusion-title-1 fusion-sep-none fusion-title-text fusion-title-size-one\" style=\"--awb-margin-top:0px;--awb-margin-bottom:25px;--awb-margin-top-small:0px;--awb-margin-bottom-small:20px;\"><h1 class=\"fusion-title-heading title-heading-left fusion-responsive-typography-calculated\" style=\"margin:0;--fontSize:54;line-height:1.1;\">Preguntes<br \/>\nfreq\u00fcents<\/h1><\/div><div class=\"fusion-text fusion-text-1 fusion-text-no-margin\" style=\"--awb-margin-right:15%;--awb-margin-bottom:40px;\"><p>Aqu\u00ed trobar\u00e0s resolts els dubtes i preguntes que m\u00e9s tenim per\u00f2 si no trobes la informaci\u00f3 que busques, posa&#8217;t en contacte!<\/p>\n<\/div><\/div><\/div><div class=\"fusion-layout-column fusion_builder_column fusion-builder-column-1 fusion-flex-column fusion-animated\" style=\"--awb-padding-bottom-small:36px;--awb-bg-position:center top;--awb-bg-size:cover;--awb-width-large:55%;--awb-margin-top-large:0px;--awb-spacing-right-large:0px;--awb-margin-bottom-large:0px;--awb-spacing-left-large:0px;--awb-width-medium:50%;--awb-order-medium:0;--awb-spacing-right-medium:0px;--awb-spacing-left-medium:0px;--awb-width-small:100%;--awb-order-small:1;--awb-spacing-right-small:0px;--awb-spacing-left-small:0px;\" data-animationType=\"fadeInRight\" data-animationDuration=\"0.9\" data-animationOffset=\"top-into-view\"><div class=\"fusion-column-wrapper fusion-column-has-shadow fusion-flex-justify-content-flex-end fusion-content-layout-column\"><div class=\"fusion-separator fusion-no-small-visibility fusion-no-large-visibility fusion-full-width-sep\" style=\"align-self: center;margin-left: auto;margin-right: auto;margin-bottom:12vw;width:100%;\"><\/div><div class=\"fusion-separator fusion-no-large-visibility fusion-full-width-sep\" style=\"align-self: center;margin-left: auto;margin-right: auto;margin-top:18vw;width:100%;\"><\/div><\/div><\/div><\/div><\/div><div class=\"fusion-fullwidth fullwidth-box fusion-builder-row-2 fusion-flex-container has-pattern-background has-mask-background nonhundred-percent-fullwidth non-hundred-percent-height-scrolling\" style=\"--link_color: #2e2e2e;--awb-border-radius-top-left:0px;--awb-border-radius-top-right:0px;--awb-border-radius-bottom-right:0px;--awb-border-radius-bottom-left:0px;--awb-padding-top:69px;--awb-padding-bottom:100px;--awb-padding-bottom-small:60px;--awb-background-color:var(--awb-color2);--awb-background-color-small:var(--awb-color2);--awb-flex-wrap:wrap;\" ><div class=\"fusion-builder-row fusion-row fusion-flex-align-items-flex-start fusion-flex-justify-content-center fusion-flex-content-wrap\" style=\"max-width:1248px;margin-left: calc(-4% \/ 2 );margin-right: calc(-4% \/ 2 );\"><div class=\"fusion-layout-column fusion_builder_column fusion-builder-column-2 fusion_builder_column_5_6 5_6 fusion-flex-column\" style=\"--awb-bg-size:cover;--awb-width-large:83.333333333333%;--awb-margin-top-large:0px;--awb-spacing-right-large:2.304%;--awb-margin-bottom-large:20px;--awb-spacing-left-large:2.304%;--awb-width-medium:83.333333333333%;--awb-order-medium:0;--awb-spacing-right-medium:2.304%;--awb-spacing-left-medium:2.304%;--awb-width-small:100%;--awb-order-small:0;--awb-spacing-right-small:1.92%;--awb-spacing-left-small:1.92%;\"><div class=\"fusion-column-wrapper fusion-column-has-shadow fusion-flex-justify-content-flex-start fusion-content-layout-column\"><div class=\"accordian fusion-accordian\" style=\"--awb-border-size:0px;--awb-icon-size:23px;--awb-content-line-height:1.4;--awb-icon-alignment:right;--awb-hover-color:var(--awb-color1);--awb-border-color:var(--awb-color3);--awb-background-color:var(--awb-color1);--awb-divider-color:var(--awb-color3);--awb-divider-hover-color:var(--awb-color3);--awb-icon-color:#2e2e2e;--awb-title-color:#2e2e2e;--awb-content-color:#6e6e6e;--awb-icon-box-color:var(--awb-color1);--awb-toggle-hover-accent-color:var(--awb-color8);--awb-toggle-active-accent-color:var(--awb-color1);--awb-title-font-family:var(--awb-typography1-font-family);--awb-title-font-weight:var(--awb-typography1-font-weight);--awb-title-font-style:var(--awb-typography1-font-style);--awb-title-font-size:28px;--awb-title-letter-spacing:var(--awb-typography1-letter-spacing);--awb-title-line-height:36px;--awb-content-font-family:&quot;Inter&quot;;--awb-content-font-style:normal;--awb-content-font-weight:400;\"><div class=\"panel-group fusion-toggle-icon-right fusion-toggle-icon-boxed\" id=\"accordion-20841-1\"><div class=\"fusion-panel panel-default panel-43fe718f7c16a2f82 fusion-toggle-no-divider fusion-toggle-boxed-mode\" style=\"--awb-title-color:var(--awb-color8);\"><div class=\"panel-heading\"><h4 class=\"panel-title toggle\" id=\"toggle_43fe718f7c16a2f82\"><a class=\"active\" aria-expanded=\"true\" aria-controls=\"43fe718f7c16a2f82\" role=\"button\" data-toggle=\"collapse\" data-target=\"#43fe718f7c16a2f82\" href=\"#43fe718f7c16a2f82\"><span class=\"fusion-toggle-icon-wrapper\" aria-hidden=\"true\"><i class=\"fa-fusion-box active-icon icon-chevron-up\" aria-hidden=\"true\"><\/i><i class=\"fa-fusion-box inactive-icon icon-chevron-down\" aria-hidden=\"true\"><\/i><\/span><span class=\"fusion-toggle-heading\">Quins tipus de ter\u00e0pia ofereixes?<\/span><\/a><\/h4><\/div><div id=\"43fe718f7c16a2f82\" class=\"panel-collapse collapse in\" aria-labelledby=\"toggle_43fe718f7c16a2f82\"><div class=\"panel-body toggle-content fusion-clearfix\">Ofereixo ter\u00e0pia individual, ter\u00e0pia de parella i sessions de sexologia. El meu enfocament inclou disfuncions sexuals, comunicaci\u00f3 en parella, depend\u00e8ncia emocional i altres temes que afecten el teu benestar.<\/div><\/div><\/div><div class=\"fusion-panel panel-default panel-7538485fe8b88b334 fusion-toggle-no-divider fusion-toggle-boxed-mode\" style=\"--awb-title-color:var(--awb-color8);\"><div class=\"panel-heading\"><h4 class=\"panel-title toggle\" id=\"toggle_7538485fe8b88b334\"><a aria-expanded=\"false\" aria-controls=\"7538485fe8b88b334\" role=\"button\" data-toggle=\"collapse\" data-target=\"#7538485fe8b88b334\" href=\"#7538485fe8b88b334\"><span class=\"fusion-toggle-icon-wrapper\" aria-hidden=\"true\"><i class=\"fa-fusion-box active-icon icon-chevron-up\" aria-hidden=\"true\"><\/i><i class=\"fa-fusion-box inactive-icon icon-chevron-down\" aria-hidden=\"true\"><\/i><\/span><span class=\"fusion-toggle-heading\">La ter\u00e0pia en l\u00ednia \u00e9s efectiva?<\/span><\/a><\/h4><\/div><div id=\"7538485fe8b88b334\" class=\"panel-collapse collapse \" aria-labelledby=\"toggle_7538485fe8b88b334\"><div class=\"panel-body toggle-content fusion-clearfix\">Absolutament! La ter\u00e0pia en l\u00ednia ha demostrat ser tan efectiva com la presencial. A m\u00e9s, et permet estar en un entorn c\u00f2mode i familiar, cosa que et pot fer sentir m\u00e9s relaxat i obert.<\/div><\/div><\/div><div class=\"fusion-panel panel-default panel-909f5eabdbd102adf fusion-toggle-no-divider fusion-toggle-boxed-mode\" style=\"--awb-title-color:var(--awb-color8);\"><div class=\"panel-heading\"><h4 class=\"panel-title toggle\" id=\"toggle_909f5eabdbd102adf\"><a aria-expanded=\"false\" aria-controls=\"909f5eabdbd102adf\" role=\"button\" data-toggle=\"collapse\" data-target=\"#909f5eabdbd102adf\" href=\"#909f5eabdbd102adf\"><span class=\"fusion-toggle-icon-wrapper\" aria-hidden=\"true\"><i class=\"fa-fusion-box active-icon icon-chevron-up\" aria-hidden=\"true\"><\/i><i class=\"fa-fusion-box inactive-icon icon-chevron-down\" aria-hidden=\"true\"><\/i><\/span><span class=\"fusion-toggle-heading\">Com s\u00e9 si necessito ter\u00e0pia?<\/span><\/a><\/h4><\/div><div id=\"909f5eabdbd102adf\" class=\"panel-collapse collapse \" aria-labelledby=\"toggle_909f5eabdbd102adf\"><div class=\"panel-body toggle-content fusion-clearfix\">Si sents que les teves emocions, relacions o vida di\u00e0ria estan sent impactades per l&#8217;ansietat, la depressi\u00f3, o conflictes en parella, buscar suport pot ser un pas molt positiu. Sempre s\u00f3c aqu\u00ed per ajudar-te a explorar les teves inquietuds.<\/div><\/div><\/div><div class=\"fusion-panel panel-default panel-56e08168feea0b979 fusion-toggle-no-divider fusion-toggle-boxed-mode\" style=\"--awb-title-color:var(--awb-color8);\"><div class=\"panel-heading\"><h4 class=\"panel-title toggle\" id=\"toggle_56e08168feea0b979\"><a aria-expanded=\"false\" aria-controls=\"56e08168feea0b979\" role=\"button\" data-toggle=\"collapse\" data-target=\"#56e08168feea0b979\" href=\"#56e08168feea0b979\"><span class=\"fusion-toggle-icon-wrapper\" aria-hidden=\"true\"><i class=\"fa-fusion-box active-icon icon-chevron-up\" aria-hidden=\"true\"><\/i><i class=\"fa-fusion-box inactive-icon icon-chevron-down\" aria-hidden=\"true\"><\/i><\/span><span class=\"fusion-toggle-heading\">\u00c9s confidencial la ter\u00e0pia?<\/span><\/a><\/h4><\/div><div id=\"56e08168feea0b979\" class=\"panel-collapse collapse \" aria-labelledby=\"toggle_56e08168feea0b979\"><div class=\"panel-body toggle-content fusion-clearfix\">S\u00ed! La confidencialitat \u00e9s fonamental. Tot all\u00f2 que comparteixis amb mi durant les sessions es mant\u00e9 en privat, perqu\u00e8 la teva seguretat i benestar s\u00f3n la meva prioritat.<\/div><\/div><\/div><div class=\"fusion-panel panel-default panel-eb12fd82144bcdbc0 fusion-toggle-no-divider fusion-toggle-boxed-mode\" style=\"--awb-title-color:var(--awb-color8);\"><div class=\"panel-heading\"><h4 class=\"panel-title toggle\" id=\"toggle_eb12fd82144bcdbc0\"><a aria-expanded=\"false\" aria-controls=\"eb12fd82144bcdbc0\" role=\"button\" data-toggle=\"collapse\" data-target=\"#eb12fd82144bcdbc0\" href=\"#eb12fd82144bcdbc0\"><span class=\"fusion-toggle-icon-wrapper\" aria-hidden=\"true\"><i class=\"fa-fusion-box active-icon icon-chevron-up\" aria-hidden=\"true\"><\/i><i class=\"fa-fusion-box inactive-icon icon-chevron-down\" aria-hidden=\"true\"><\/i><\/span><span class=\"fusion-toggle-heading\">Quan duren les sessions?<\/span><\/a><\/h4><\/div><div id=\"eb12fd82144bcdbc0\" class=\"panel-collapse collapse \" aria-labelledby=\"toggle_eb12fd82144bcdbc0\"><div class=\"panel-body toggle-content fusion-clearfix\">Normalment, les sessions duren entre 50 i 60 minuts. Per\u00f2 el m\u00e9s important \u00e9s que cada sessi\u00f3 s&#8217;adapti a les vostres necessitats i ritme.<\/div><\/div><\/div><div class=\"fusion-panel panel-default panel-bbbc5c1be1848d96f fusion-toggle-no-divider fusion-toggle-boxed-mode\" style=\"--awb-title-color:var(--awb-color8);\"><div class=\"panel-heading\"><h4 class=\"panel-title toggle\" id=\"toggle_bbbc5c1be1848d96f\"><a aria-expanded=\"false\" aria-controls=\"bbbc5c1be1848d96f\" role=\"button\" data-toggle=\"collapse\" data-target=\"#bbbc5c1be1848d96f\" href=\"#bbbc5c1be1848d96f\"><span class=\"fusion-toggle-icon-wrapper\" aria-hidden=\"true\"><i class=\"fa-fusion-box active-icon icon-chevron-up\" aria-hidden=\"true\"><\/i><i class=\"fa-fusion-box inactive-icon icon-chevron-down\" aria-hidden=\"true\"><\/i><\/span><span class=\"fusion-toggle-heading\">Qu\u00e8 puc esperar a la primera sessi\u00f3?<\/span><\/a><\/h4><\/div><div id=\"bbbc5c1be1848d96f\" class=\"panel-collapse collapse \" aria-labelledby=\"toggle_bbbc5c1be1848d96f\"><div class=\"panel-body toggle-content fusion-clearfix\">A la nostra primera sessi\u00f3, m&#8217;enfocar\u00e9 a con\u00e8ixer-te i entendre les teves preocupacions. Parlarem sobre els teus objectius i com et puc acompanyar en aquest cam\u00ed cap al benestar.<\/div><\/div><\/div><div class=\"fusion-panel panel-default panel-b6d56a5a9ffaed497 fusion-toggle-no-divider fusion-toggle-boxed-mode\" style=\"--awb-title-color:var(--awb-color8);\"><div class=\"panel-heading\"><h4 class=\"panel-title toggle\" id=\"toggle_b6d56a5a9ffaed497\"><a aria-expanded=\"false\" aria-controls=\"b6d56a5a9ffaed497\" role=\"button\" data-toggle=\"collapse\" data-target=\"#b6d56a5a9ffaed497\" href=\"#b6d56a5a9ffaed497\"><span class=\"fusion-toggle-icon-wrapper\" aria-hidden=\"true\"><i class=\"fa-fusion-box active-icon icon-chevron-up\" aria-hidden=\"true\"><\/i><i class=\"fa-fusion-box inactive-icon icon-chevron-down\" aria-hidden=\"true\"><\/i><\/span><span class=\"fusion-toggle-heading\">Com puc agendar una cita?<\/span><\/a><\/h4><\/div><div id=\"b6d56a5a9ffaed497\" class=\"panel-collapse collapse \" aria-labelledby=\"toggle_b6d56a5a9ffaed497\"><div class=\"panel-body toggle-content fusion-clearfix\">Agendar una cita \u00e9s molt f\u00e0cil. Nom\u00e9s heu de completar el formulari de contacte a la web o enviar-me un correu. Sempre responc tan aviat com sigui possible perqu\u00e8 no hagis d&#8217;esperar.<\/div><\/div><\/div><div class=\"fusion-panel panel-default panel-7d5df8ec20d86d663 fusion-toggle-no-divider fusion-toggle-boxed-mode\" style=\"--awb-title-color:var(--awb-color8);\"><div class=\"panel-heading\"><h4 class=\"panel-title toggle\" id=\"toggle_7d5df8ec20d86d663\"><a aria-expanded=\"false\" aria-controls=\"7d5df8ec20d86d663\" role=\"button\" data-toggle=\"collapse\" data-target=\"#7d5df8ec20d86d663\" href=\"#7d5df8ec20d86d663\"><span class=\"fusion-toggle-icon-wrapper\" aria-hidden=\"true\"><i class=\"fa-fusion-box active-icon icon-chevron-up\" aria-hidden=\"true\"><\/i><i class=\"fa-fusion-box inactive-icon icon-chevron-down\" aria-hidden=\"true\"><\/i><\/span><span class=\"fusion-toggle-heading\">Ofereixes ter\u00e0pia per a parelles?<\/span><\/a><\/h4><\/div><div id=\"7d5df8ec20d86d663\" class=\"panel-collapse collapse \" aria-labelledby=\"toggle_7d5df8ec20d86d663\"><div class=\"panel-body toggle-content fusion-clearfix\">S\u00ed, ofereixo ter\u00e0pia per a parelles. Si estan enfrontant problemes de comunicaci\u00f3, gelosia, infidelitat o qualsevol altre desafiament, s\u00f3c aqu\u00ed per ajudar-los a trobar solucions junts.<\/div><\/div><\/div><div class=\"fusion-panel panel-default panel-03d43f800edf5b81a fusion-toggle-no-divider fusion-toggle-boxed-mode\" style=\"--awb-title-color:var(--awb-color8);\"><div class=\"panel-heading\"><h4 class=\"panel-title toggle\" id=\"toggle_03d43f800edf5b81a\"><a aria-expanded=\"false\" aria-controls=\"03d43f800edf5b81a\" role=\"button\" data-toggle=\"collapse\" data-target=\"#03d43f800edf5b81a\" href=\"#03d43f800edf5b81a\"><span class=\"fusion-toggle-icon-wrapper\" aria-hidden=\"true\"><i class=\"fa-fusion-box active-icon icon-chevron-up\" aria-hidden=\"true\"><\/i><i class=\"fa-fusion-box inactive-icon icon-chevron-down\" aria-hidden=\"true\"><\/i><\/span><span class=\"fusion-toggle-heading\">Quins m\u00e8todes utilitzes en ter\u00e0pia?<\/span><\/a><\/h4><\/div><div id=\"03d43f800edf5b81a\" class=\"panel-collapse collapse \" aria-labelledby=\"toggle_03d43f800edf5b81a\"><div class=\"panel-body toggle-content fusion-clearfix\">Utilitzo un enfocament integratiu que pot incloure ter\u00e0pia cognitivoconductual, ter\u00e0pia de parella, i t\u00e8cniques de sexologia. M&#8217;adapto a les teves necessitats per oferir-te el millor suport possible.<\/div><\/div><\/div><div class=\"fusion-panel panel-default panel-0f2dde3ce3962472b fusion-toggle-no-divider fusion-toggle-boxed-mode\" style=\"--awb-title-color:var(--awb-color8);\"><div class=\"panel-heading\"><h4 class=\"panel-title toggle\" id=\"toggle_0f2dde3ce3962472b\"><a aria-expanded=\"false\" aria-controls=\"0f2dde3ce3962472b\" role=\"button\" data-toggle=\"collapse\" data-target=\"#0f2dde3ce3962472b\" href=\"#0f2dde3ce3962472b\"><span class=\"fusion-toggle-icon-wrapper\" aria-hidden=\"true\"><i class=\"fa-fusion-box active-icon icon-chevron-up\" aria-hidden=\"true\"><\/i><i class=\"fa-fusion-box inactive-icon icon-chevron-down\" aria-hidden=\"true\"><\/i><\/span><span class=\"fusion-toggle-heading\">Puc cancel\u00b7lar o reprogramar una cita?<\/span><\/a><\/h4><\/div><div id=\"0f2dde3ce3962472b\" class=\"panel-collapse collapse \" aria-labelledby=\"toggle_0f2dde3ce3962472b\"><div class=\"panel-body toggle-content fusion-clearfix\">\u00c9s clar, pots cancel\u00b7lar o reprogramar una cita. Nom\u00e9s et demano que m&#8217;avisis amb almenys 24 hores d&#8217;antelaci\u00f3 per poder oferir aquest temps a una altra persona que ho necessiti.<\/div><\/div><\/div><\/div><\/div><\/div><\/div><\/div><\/div><\/p>\n","protected":false},"excerpt":{"rendered":"","protected":false},"author":7,"featured_media":0,"parent":0,"menu_order":0,"comment_status":"closed","ping_status":"closed","template":"100-width.php","meta":{"_joinchat":[],"footnotes":""},"class_list":["post-20841","page","type-page","status-publish","hentry"],"yoast_head":"<!-- This site is optimized with the Yoast SEO plugin v26.4 - https:\/\/yoast.com\/wordpress\/plugins\/seo\/ -->\n<title>Preguntes freq\u00fcents - Neus Franquesa<\/title>\n<meta name=\"description\" content=\"Aqu\u00ed trobar\u00e0s resolts els dubtes i preguntes que m\u00e9s tenim per\u00f2 si no trobes la informaci\u00f3 que busques, posa&#039;t en contacte!\" \/>\n<meta name=\"robots\" content=\"index, follow, max-snippet:-1, max-image-preview:large, max-video-preview:-1\" \/>\n<link rel=\"canonical\" href=\"https:\/\/www.neusfranquesa.com\/ca\/faqs\/\" \/>\n<meta property=\"og:locale\" content=\"ca_ES\" \/>\n<meta property=\"og:type\" content=\"article\" \/>\n<meta property=\"og:title\" content=\"Preguntes freq\u00fcents - Neus Franquesa\" \/>\n<meta property=\"og:description\" content=\"Aqu\u00ed trobar\u00e0s resolts els dubtes i preguntes que m\u00e9s tenim per\u00f2 si no trobes la informaci\u00f3 que busques, posa&#039;t en contacte!\" \/>\n<meta property=\"og:url\" content=\"https:\/\/www.neusfranquesa.com\/ca\/faqs\/\" \/>\n<meta property=\"og:site_name\" content=\"Neus Franquesa\" \/>\n<meta property=\"article:modified_time\" content=\"2024-12-10T10:45:54+00:00\" \/>\n<meta name=\"twitter:card\" content=\"summary_large_image\" \/>\n<meta name=\"twitter:label1\" content=\"Temps estimat de lectura\" \/>\n\t<meta name=\"twitter:data1\" content=\"2 minuts\" \/>\n<script type=\"application\/ld+json\" class=\"yoast-schema-graph\">{\"@context\":\"https:\/\/schema.org\",\"@graph\":[{\"@type\":\"WebPage\",\"@id\":\"https:\/\/www.neusfranquesa.com\/ca\/faqs\/\",\"url\":\"https:\/\/www.neusfranquesa.com\/ca\/faqs\/\",\"name\":\"Preguntes freq\u00fcents - Neus Franquesa\",\"isPartOf\":{\"@id\":\"https:\/\/www.neusfranquesa.com\/#website\"},\"datePublished\":\"2024-10-23T20:12:49+00:00\",\"dateModified\":\"2024-12-10T10:45:54+00:00\",\"description\":\"Aqu\u00ed trobar\u00e0s resolts els dubtes i preguntes que m\u00e9s tenim per\u00f2 si no trobes la informaci\u00f3 que busques, posa't en contacte!\",\"breadcrumb\":{\"@id\":\"https:\/\/www.neusfranquesa.com\/ca\/faqs\/#breadcrumb\"},\"inLanguage\":\"ca\",\"potentialAction\":[{\"@type\":\"ReadAction\",\"target\":[\"https:\/\/www.neusfranquesa.com\/ca\/faqs\/\"]}]},{\"@type\":\"BreadcrumbList\",\"@id\":\"https:\/\/www.neusfranquesa.com\/ca\/faqs\/#breadcrumb\",\"itemListElement\":[{\"@type\":\"ListItem\",\"position\":1,\"name\":\"Portada\",\"item\":\"https:\/\/www.neusfranquesa.com\/ca\/\"},{\"@type\":\"ListItem\",\"position\":2,\"name\":\"FAQs\"}]},{\"@type\":\"WebSite\",\"@id\":\"https:\/\/www.neusfranquesa.com\/#website\",\"url\":\"https:\/\/www.neusfranquesa.com\/\",\"name\":\"Neus Franquesa\",\"description\":\"Psic\u00f3loga - Sex\u00f3loga\",\"publisher\":{\"@id\":\"https:\/\/www.neusfranquesa.com\/#organization\"},\"potentialAction\":[{\"@type\":\"SearchAction\",\"target\":{\"@type\":\"EntryPoint\",\"urlTemplate\":\"https:\/\/www.neusfranquesa.com\/?s={search_term_string}\"},\"query-input\":{\"@type\":\"PropertyValueSpecification\",\"valueRequired\":true,\"valueName\":\"search_term_string\"}}],\"inLanguage\":\"ca\"},{\"@type\":\"Organization\",\"@id\":\"https:\/\/www.neusfranquesa.com\/#organization\",\"name\":\"Neus Franquesa\",\"url\":\"https:\/\/www.neusfranquesa.com\/\",\"logo\":{\"@type\":\"ImageObject\",\"inLanguage\":\"ca\",\"@id\":\"https:\/\/www.neusfranquesa.com\/#\/schema\/logo\/image\/\",\"url\":\"https:\/\/www.neusfranquesa.com\/wp-content\/uploads\/2024\/10\/neus-franquesa-scaled.jpg\",\"contentUrl\":\"https:\/\/www.neusfranquesa.com\/wp-content\/uploads\/2024\/10\/neus-franquesa-scaled.jpg\",\"width\":2560,\"height\":1920,\"caption\":\"Neus Franquesa\"},\"image\":{\"@id\":\"https:\/\/www.neusfranquesa.com\/#\/schema\/logo\/image\/\"}}]}<\/script>\n<!-- \/ Yoast SEO plugin. -->","yoast_head_json":{"title":"Preguntes freq\u00fcents - Neus Franquesa","description":"Aqu\u00ed trobar\u00e0s resolts els dubtes i preguntes que m\u00e9s tenim per\u00f2 si no trobes la informaci\u00f3 que busques, posa't en contacte!","robots":{"index":"index","follow":"follow","max-snippet":"max-snippet:-1","max-image-preview":"max-image-preview:large","max-video-preview":"max-video-preview:-1"},"canonical":"https:\/\/www.neusfranquesa.com\/ca\/faqs\/","og_locale":"ca_ES","og_type":"article","og_title":"Preguntes freq\u00fcents - Neus Franquesa","og_description":"Aqu\u00ed trobar\u00e0s resolts els dubtes i preguntes que m\u00e9s tenim per\u00f2 si no trobes la informaci\u00f3 que busques, posa't en contacte!","og_url":"https:\/\/www.neusfranquesa.com\/ca\/faqs\/","og_site_name":"Neus Franquesa","article_modified_time":"2024-12-10T10:45:54+00:00","twitter_card":"summary_large_image","twitter_misc":{"Temps estimat de lectura":"2 minuts"},"schema":{"@context":"https:\/\/schema.org","@graph":[{"@type":"WebPage","@id":"https:\/\/www.neusfranquesa.com\/ca\/faqs\/","url":"https:\/\/www.neusfranquesa.com\/ca\/faqs\/","name":"Preguntes freq\u00fcents - Neus Franquesa","isPartOf":{"@id":"https:\/\/www.neusfranquesa.com\/#website"},"datePublished":"2024-10-23T20:12:49+00:00","dateModified":"2024-12-10T10:45:54+00:00","description":"Aqu\u00ed trobar\u00e0s resolts els dubtes i preguntes que m\u00e9s tenim per\u00f2 si no trobes la informaci\u00f3 que busques, posa't en contacte!","breadcrumb":{"@id":"https:\/\/www.neusfranquesa.com\/ca\/faqs\/#breadcrumb"},"inLanguage":"ca","potentialAction":[{"@type":"ReadAction","target":["https:\/\/www.neusfranquesa.com\/ca\/faqs\/"]}]},{"@type":"BreadcrumbList","@id":"https:\/\/www.neusfranquesa.com\/ca\/faqs\/#breadcrumb","itemListElement":[{"@type":"ListItem","position":1,"name":"Portada","item":"https:\/\/www.neusfranquesa.com\/ca\/"},{"@type":"ListItem","position":2,"name":"FAQs"}]},{"@type":"WebSite","@id":"https:\/\/www.neusfranquesa.com\/#website","url":"https:\/\/www.neusfranquesa.com\/","name":"Neus Franquesa","description":"Psic\u00f3loga - Sex\u00f3loga","publisher":{"@id":"https:\/\/www.neusfranquesa.com\/#organization"},"potentialAction":[{"@type":"SearchAction","target":{"@type":"EntryPoint","urlTemplate":"https:\/\/www.neusfranquesa.com\/?s={search_term_string}"},"query-input":{"@type":"PropertyValueSpecification","valueRequired":true,"valueName":"search_term_string"}}],"inLanguage":"ca"},{"@type":"Organization","@id":"https:\/\/www.neusfranquesa.com\/#organization","name":"Neus Franquesa","url":"https:\/\/www.neusfranquesa.com\/","logo":{"@type":"ImageObject","inLanguage":"ca","@id":"https:\/\/www.neusfranquesa.com\/#\/schema\/logo\/image\/","url":"https:\/\/www.neusfranquesa.com\/wp-content\/uploads\/2024\/10\/neus-franquesa-scaled.jpg","contentUrl":"https:\/\/www.neusfranquesa.com\/wp-content\/uploads\/2024\/10\/neus-franquesa-scaled.jpg","width":2560,"height":1920,"caption":"Neus Franquesa"},"image":{"@id":"https:\/\/www.neusfranquesa.com\/#\/schema\/logo\/image\/"}}]}},"_links":{"self":[{"href":"https:\/\/www.neusfranquesa.com\/ca\/wp-json\/wp\/v2\/pages\/20841","targetHints":{"allow":["GET"]}}],"collection":[{"href":"https:\/\/www.neusfranquesa.com\/ca\/wp-json\/wp\/v2\/pages"}],"about":[{"href":"https:\/\/www.neusfranquesa.com\/ca\/wp-json\/wp\/v2\/types\/page"}],"author":[{"embeddable":true,"href":"https:\/\/www.neusfranquesa.com\/ca\/wp-json\/wp\/v2\/users\/7"}],"replies":[{"embeddable":true,"href":"https:\/\/www.neusfranquesa.com\/ca\/wp-json\/wp\/v2\/comments?post=20841"}],"version-history":[{"count":0,"href":"https:\/\/www.neusfranquesa.com\/ca\/wp-json\/wp\/v2\/pages\/20841\/revisions"}],"wp:attachment":[{"href":"https:\/\/www.neusfranquesa.com\/ca\/wp-json\/wp\/v2\/media?parent=20841"}],"curies":[{"name":"wp","href":"https:\/\/api.w.org\/{rel}","templated":true}]}}